{"id":306,"date":"2017-09-23T07:56:37","date_gmt":"2017-09-23T07:56:37","guid":{"rendered":"http:\/\/theme.ridianur.com\/andior\/?page_id=306"},"modified":"2022-01-18T14:25:56","modified_gmt":"2022-01-18T13:25:56","slug":"contact","status":"publish","type":"page","link":"https:\/\/noongraphicdesign.com\/index.php\/contact\/","title":{"rendered":"Contact"},"content":{"rendered":"<div id=\"pl-306\"  class=\"panel-layout\" ><div id=\"pg-306-0\"  class=\"panel-grid panel-has-style\" ><div class=\"siteorigin-panels-stretch panel-row-style panel-row-style-for-306-0\" data-stretch-type=\"full-stretched\" ><div id=\"pgc-306-0-0\"  class=\"panel-grid-cell\" ><div id=\"panel-306-0-0-0\" class=\"so-panel widget widget_rdn_hero_title_section rdn_hero_title_section panel-first-child panel-last-child\" data-index=\"0\" >\t\t\t\t\r\n            <!--HERO  START-->\r\n            <div class=\"type-slider-box clearfix dark-bg \">\r\n                <div class=\"slider-img-bg img-bg clearfix\" data-background=\"http:\/\/noongraphicdesign.com\/wp-content\/uploads\/2018\/04\/1200-NoonGraphicDesign-CreationGraphique3.jpg\">\r\n                    <div class=\"hero-box container\">\t\r\n                        <div class=\"small-caption-box\">\r\n                            <p class=\"smal-caption-sub\">Adresse et infos<\/p>\r\n                            \r\n                            <h3 class=\"hero-box-title animated\" data-animated=\"fadeInUp\">\r\n                                Contact \r\n                                <i class=\"fa fa-phone\"><\/i>\r\n                            <\/h3>\r\n                            \r\n                            <p>faisons connaissance...<\/p>\n                            <div class=\"spacing20 clearboth\"><\/div>\r\n                            <p>\r\n                                                                                            <\/p>\r\n                        <\/div><!--\/.small-caption-box-->\r\n                    <\/div><!--\/.hero-box-->\r\n                <\/div>\r\n                  \r\n                 <div class=\"slider-mask\"><\/div>\r\n                             <\/div><!--\/.type-slider-box-->\r\n\t\t\t<!--HERO  END-->\t\r\n            \t\t\r\n       \r\n            \r\n            <\/div><\/div><\/div><\/div><div id=\"pg-306-1\"  class=\"panel-grid panel-has-style\" ><div id=\"contact\" class=\"panel-row-style panel-row-style-for-306-1\" ><div id=\"pgc-306-1-0\"  class=\"panel-grid-cell\" ><div id=\"panel-306-1-0-0\" class=\"so-panel widget widget_rdn_contact_section rdn_contact_section panel-first-child panel-last-child\" data-index=\"1\" >\t\t\t\t\t\t\t\r\n        <div class=\"content clearfix\">\r\n        \t<div class=\"container\">\r\n            \t<div class=\"row\">\r\n                \t<div class=\"col-md-4 \">\r\n                    \t<div class=\"bordering animated\" data-animated=\"fadeInUp\">\r\n                            <h2 class=\"content-title\"> Contact info <\/h2>\r\n                            <p class=\"sub-title\">Pour nous \u00e9crire, nous t\u00e9l\u00e9phoner, nous rencontrer<\/p>\r\n                        <\/div><!--\/.bordering-->\r\n                        \r\n                        <ul class=\"ctc-list\">\r\n                        \t                        \t<li>\r\n                            \t<i class=\"boxs-icon fa fa-building-o\"><\/i> \r\n                            \t<p>Villa Charles<br \/>19 chemin de Saint-Donat<br \/> 13100 Aix en Provence<\/p>\r\n                            <\/li>\r\n                                                        \r\n                                                        <li>\r\n                            \t<i class=\"boxs-icon fa fa-tty\"><\/i> \r\n                            \t<p>04 42 21 16 35<\/p>\r\n                            <\/li>\r\n                                                                                    <li>\r\n                            \t<i class=\"boxs-icon fa fa-envelope-o\"><\/i> \r\n                            \t<p><a href=\"mailto: Pour tout contact par mail,  merci d&#039;utiliser le formulaire ci-contre.\"> Pour tout contact par mail,  merci d&#039;utiliser le formulaire ci-contre.<\/a><\/p>\r\n                            <\/li>\r\n                                                    <\/ul><!--\/ctc-list-->\r\n                        \r\n                    <\/div><!--\/.col-md-4-->\r\n                   \r\n                    <div class=\"col-md-8\">\r\n                    \t<div id=\"map_canvas\" class=\"map_canvas\"><!--DISPLAY GOOGLE MAP HERE--><\/div>\r\n                        \r\n                    \t\n<div class=\"wpcf7 no-js\" id=\"wpcf7-f42-o1\" lang=\"fr-FR\" dir=\"ltr\" data-wpcf7-id=\"42\">\n<div class=\"screen-reader-response\"><p role=\"status\" aria-live=\"polite\" aria-atomic=\"true\"><\/p> <ul><\/ul><\/div>\n<form action=\"\/index.php\/wp-json\/wp\/v2\/pages\/306#wpcf7-f42-o1\" method=\"post\" class=\"wpcf7-form init\" aria-label=\"Formulaire de contact\" novalidate=\"novalidate\" data-status=\"init\">\n<fieldset class=\"hidden-fields-container\"><input type=\"hidden\" name=\"_wpcf7\" value=\"42\" \/><input type=\"hidden\" name=\"_wpcf7_version\" value=\"6.1\" \/><input type=\"hidden\" name=\"_wpcf7_locale\" value=\"fr_FR\" \/><input type=\"hidden\" name=\"_wpcf7_unit_tag\" value=\"wpcf7-f42-o1\" \/><input type=\"hidden\" name=\"_wpcf7_container_post\" value=\"0\" \/><input type=\"hidden\" name=\"_wpcf7_posted_data_hash\" value=\"\" \/>\n<\/fieldset>\n<p><label> Votre nom (obligatoire)<br \/>\n<span class=\"wpcf7-form-control-wrap\" data-name=\"your-name\"><input size=\"40\" maxlength=\"400\" class=\"wpcf7-form-control wpcf7-text wpcf7-validates-as-required\" aria-required=\"true\" aria-invalid=\"false\" value=\"\" type=\"text\" name=\"your-name\" \/><\/span> <\/label>\n<\/p>\n<p><label> Votre adresse de messagerie (obligatoire)<br \/>\n<span class=\"wpcf7-form-control-wrap\" data-name=\"your-email\"><input size=\"40\" maxlength=\"400\" class=\"wpcf7-form-control wpcf7-email wpcf7-validates-as-required wpcf7-text wpcf7-validates-as-email\" aria-required=\"true\" aria-invalid=\"false\" value=\"\" type=\"email\" name=\"your-email\" \/><\/span> <\/label>\n<\/p>\n<p><label> Objet<br \/>\n<span class=\"wpcf7-form-control-wrap\" data-name=\"your-subject\"><input size=\"40\" maxlength=\"400\" class=\"wpcf7-form-control wpcf7-text wpcf7-validates-as-required\" aria-required=\"true\" aria-invalid=\"false\" value=\"\" type=\"text\" name=\"your-subject\" \/><\/span> <\/label>\n<\/p>\n<p><label> Votre message<br \/>\n<span class=\"wpcf7-form-control-wrap\" data-name=\"your-message\"><textarea cols=\"40\" rows=\"10\" maxlength=\"2000\" class=\"wpcf7-form-control wpcf7-textarea\" aria-invalid=\"false\" name=\"your-message\"><\/textarea><\/span> <\/label><br \/>\n[recaptcha]<br \/>\n<input class=\"wpcf7-form-control wpcf7-submit has-spinner\" type=\"submit\" value=\"Envoyer\" \/>\n<\/p><p style=\"display: none !important;\" class=\"akismet-fields-container\" data-prefix=\"_wpcf7_ak_\"><label>&#916;<textarea name=\"_wpcf7_ak_hp_textarea\" cols=\"45\" rows=\"8\" maxlength=\"100\"><\/textarea><\/label><input type=\"hidden\" id=\"ak_js_1\" name=\"_wpcf7_ak_js\" value=\"109\"\/><script>document.getElementById( \"ak_js_1\" ).setAttribute( \"value\", ( new Date() ).getTime() );<\/script><\/p><div class=\"wpcf7-response-output\" aria-hidden=\"true\"><\/div>\n<\/form>\n<\/div>\n\n                            \r\n                    <\/div><!--\/col-md-8-->\r\n                \t\r\n                    \r\n                \r\n                    \r\n                    \r\n                <\/div><!--\/.row-->\r\n            <\/div><!--\/.container-->\r\n        <\/div><!--\/contact-->\r\n        <!--CONTACT END-->\r\n                            \r\n\t\t\r\n<\/div><\/div><\/div><\/div><div id=\"pg-306-2\"  class=\"panel-grid panel-has-style\" ><div class=\"dark-bg content siteorigin-panels-stretch panel-row-style panel-row-style-for-306-2\" data-stretch-type=\"full\" ><div id=\"pgc-306-2-0\"  class=\"panel-grid-cell\" ><div id=\"panel-306-2-0-0\" class=\"so-panel widget widget_rdn_blockquote_element rdn_blockquote_element panel-first-child panel-last-child\" data-index=\"2\" >\t\t\t\t\t\t<div class=\"clearfix \">\r\n                            <blockquote>Une intuition,  c\u2019est la cr\u00e9ativit\u00e9 qui essaye de vous dire quelque chose.<\/blockquote>\r\n                            \r\n                                                        <div class=\"bl-text\">\r\n                            <p>FRANK CAPRA<\/p>\n                            <\/div>\r\n                                                        \r\n                                                    <\/div>\r\n                        \r\n                       \r\n<\/div><\/div><\/div><\/div><\/div>","protected":false},"excerpt":{"rendered":"","protected":false},"author":1,"featured_media":0,"parent":0,"menu_order":0,"comment_status":"closed","ping_status":"closed","template":"page-builder.php","meta":{"footnotes":""},"class_list":["post-306","page","type-page","status-publish","hentry"],"_links":{"self":[{"href":"https:\/\/noongraphicdesign.com\/index.php\/wp-json\/wp\/v2\/pages\/306","targetHints":{"allow":["GET"]}}],"collection":[{"href":"https:\/\/noongraphicdesign.com\/index.php\/wp-json\/wp\/v2\/pages"}],"about":[{"href":"https:\/\/noongraphicdesign.com\/index.php\/wp-json\/wp\/v2\/types\/page"}],"author":[{"embeddable":true,"href":"https:\/\/noongraphicdesign.com\/index.php\/wp-json\/wp\/v2\/users\/1"}],"replies":[{"embeddable":true,"href":"https:\/\/noongraphicdesign.com\/index.php\/wp-json\/wp\/v2\/comments?post=306"}],"version-history":[{"count":38,"href":"https:\/\/noongraphicdesign.com\/index.php\/wp-json\/wp\/v2\/pages\/306\/revisions"}],"predecessor-version":[{"id":1814,"href":"https:\/\/noongraphicdesign.com\/index.php\/wp-json\/wp\/v2\/pages\/306\/revisions\/1814"}],"wp:attachment":[{"href":"https:\/\/noongraphicdesign.com\/index.php\/wp-json\/wp\/v2\/media?parent=306"}],"curies":[{"name":"wp","href":"https:\/\/api.w.org\/{rel}","templated":true}]}}