{"id":300,"date":"2017-09-23T07:53:24","date_gmt":"2017-09-23T07:53:24","guid":{"rendered":"http:\/\/theme.ridianur.com\/andior\/?page_id=300"},"modified":"2018-08-21T11:30:57","modified_gmt":"2018-08-21T09:30:57","slug":"service","status":"publish","type":"page","link":"https:\/\/noongraphicdesign.com\/index.php\/service\/","title":{"rendered":"M\u00e9tier"},"content":{"rendered":"<div id=\"pl-300\"  class=\"panel-layout\" ><div id=\"pg-300-0\"  class=\"panel-grid panel-has-style\" ><div class=\"siteorigin-panels-stretch panel-row-style panel-row-style-for-300-0\" data-stretch-type=\"full-stretched\" ><div id=\"pgc-300-0-0\"  class=\"panel-grid-cell\" ><div id=\"panel-300-0-0-0\" class=\"so-panel widget widget_rdn_hero_title_section rdn_hero_title_section panel-first-child panel-last-child\" data-index=\"0\" >\t\t\t\t\r\n            <!--HERO  START-->\r\n            <div class=\"type-slider-box clearfix dark-bg \">\r\n                <div class=\"slider-img-bg img-bg clearfix\" data-background=\"http:\/\/noongraphicdesign.com\/wp-content\/uploads\/2018\/04\/1200-NoonGraphicDesign-CreationGraphique4.jpg\">\r\n                    <div class=\"hero-box container\">\t\r\n                        <div class=\"small-caption-box\">\r\n                            <p class=\"smal-caption-sub\">communication<\/p>\r\n                            \r\n                            <h3 class=\"hero-box-title animated\" data-animated=\"fadeInUp\">\r\n                                cr\u00e9ation graphique \r\n                                <i class=\"fa fa-superpowers\"><\/i>\r\n                            <\/h3>\r\n                            \r\n                            <p>avec intuition et expertise<\/p>\n                            <div class=\"spacing20 clearboth\"><\/div>\r\n                            <p>\r\n                                                                                            <\/p>\r\n                        <\/div><!--\/.small-caption-box-->\r\n                    <\/div><!--\/.hero-box-->\r\n                <\/div>\r\n                  \r\n                 <div class=\"slider-mask\"><\/div>\r\n                             <\/div><!--\/.type-slider-box-->\r\n\t\t\t<!--HERO  END-->\t\r\n            \t\t\r\n       \r\n            \r\n            <\/div><\/div><\/div><\/div><div id=\"pg-300-1\"  class=\"panel-grid panel-no-style\" ><div id=\"pgc-300-1-0\"  class=\"panel-grid-cell\" ><div id=\"panel-300-1-0-0\" class=\"so-panel widget widget_rdn_blockquote_element rdn_blockquote_element panel-first-child panel-last-child\" data-index=\"1\" ><div class=\"panel-widget-style panel-widget-style-for-300-1-0-0\" >\t\t\t\t\t\t<div class=\"clearfix \">\r\n                            <blockquote>by Noon Graphic Design<\/blockquote>\r\n                            \r\n                                                        <div class=\"bl-text\">\r\n                            <p>Nos cr\u00e9ations s\u2019inscrivent dans la modernit\u00e9 et sont fond\u00e9es sur l\u2019\u00e9coute et l\u2019observation, la r\u00e9flexion et la pertinence.<br \/>\nCette volont\u00e9 cr\u00e9ative de sens nous permet de concevoir pour chacun de nos clients, pour vous demain, pour chacun de vos projets, une image en accord avec l\u2019essence m\u00eame de votre entit\u00e9, une communication qui vous ressemble, qui vous est propre.<\/p>\n                            <\/div>\r\n                                                        \r\n                                                    <\/div>\r\n                        \r\n                       \r\n<\/div><\/div><\/div><\/div><div id=\"pg-300-2\"  class=\"panel-grid panel-has-style\" ><div class=\"content panel-row-style panel-row-style-for-300-2\" ><div id=\"pgc-300-2-0\"  class=\"panel-grid-cell\" ><div id=\"panel-300-2-0-0\" class=\"so-panel widget widget_title_block rdn_title_block_box panel-first-child panel-last-child\" data-index=\"2\" >\r\n\r\n                    \t<div class=\"bordering \t\t\t\t\t\tanimated\" data-animated=\"fadeInUp\">\r\n                            <h2 class=\"content-title\"> Un nouveau Projet ? <\/h2>\r\n                            <p class=\"sub-title\">... Chic, une nouvelle aventure !<\/p>\r\n                        <\/div><!--\/.bordering-->\r\n   \r\n<\/div><\/div><div id=\"pgc-300-2-1\"  class=\"panel-grid-cell\" ><div id=\"panel-300-2-1-0\" class=\"so-panel widget widget_rdn_text_icon rdn_text_icon panel-first-child\" data-index=\"3\" >\r\n                        \r\n                        <h3 class=\"small-title\">La cr\u00e9ation, le design graphique <i class=\"fa fa-desktop\"><\/i><\/h3>\r\n                        <p class=\"small-sub\">Raconter vos histoires...<\/p>\r\n                        \r\n                                                <p>Pour valoriser votre identit\u00e9, traduire vos valeurs et mettre en avant vos diff\u00e9renciations.<\/b><br \/>\nLa cr\u00e9ation graphique s\u2019inscrit au c\u0153ur de chaque nouveau besoin en communication.<\/p>\n                        <div class=\"spacing40 clearfix\"><\/div>\r\n                        <\/div><div id=\"panel-300-2-1-1\" class=\"so-panel widget widget_rdn_text_icon rdn_text_icon panel-last-child\" data-index=\"4\" >\r\n                        \r\n                        <h3 class=\"small-title\">La communication \u00e9v\u00e9nementielle <i class=\"fa fa-connectdevelop\"><\/i><\/h3>\r\n                        <p class=\"small-sub\">Faire rayonner votre entit\u00e9 aupr\u00e8s de vos clients et au-del\u00e0 m\u00eame de votre territoire<\/p>\r\n                        \r\n                                                <p>La communication \u00e9v\u00e9nementielle s'exprime \u00e0 travers un ensemble d'actions, d'une campagne de communication qui n\u00e9cessite la cr\u00e9ation d'un visuel original, propre \u00e0 l'\u00e9v\u00e9nement, d\u00e9clin\u00e9 sur un ensemble de supports tels qu'affiches, kak\u00e9monos, flyers, cartons d'invitations, annonces presses...<br \/>\nUne exposition ? Un festival ? Un \u00e9v\u00e9nement ponctuel ? Un salon ? Une inauguration ? Autant d'occasions d'affirmer qui vous \u00eates \u00e0 travers une communication cr\u00e9ative.<\/p>\n                        <div class=\"spacing40 clearfix\"><\/div>\r\n                        <\/div><\/div><div id=\"pgc-300-2-2\"  class=\"panel-grid-cell\" ><div id=\"panel-300-2-2-0\" class=\"so-panel widget widget_rdn_text_icon rdn_text_icon panel-first-child\" data-index=\"5\" >\r\n                        \r\n                        <h3 class=\"small-title\">La communication \u00e9ditoriale <i class=\"fa fa-codepen\"><\/i><\/h3>\r\n                        <p class=\"small-sub\">Diffuser l&#039;information<\/p>\r\n                        \r\n                                                <p>La communication \u00e9ditoriale regroupe l'ensemble des supports de communication d'une organisation (institutions publiques, priv\u00e9es, entreprises, associations), communication interne ou externe.<br \/>\nUn magazine ou une lettre d'information, un programme ou un agenda, une synth\u00e8se ou un bilan, des guides ou une plaquette commerciale, sont autant de supports avec des p\u00e9riodicit\u00e9s plus ou moins fr\u00e9quentes qui permettent de faire passer des messages, d'expliquer qui vous \u00eates, ce que vous faites...<\/p>\n                        <div class=\"spacing40 clearfix\"><\/div>\r\n                        <\/div><div id=\"panel-300-2-2-1\" class=\"so-panel widget widget_rdn_text_icon rdn_text_icon panel-last-child\" data-index=\"6\" >\r\n                        \r\n                        <h3 class=\"small-title\">La communication digitale <i class=\"fa fa-gitlab\"><\/i><\/h3>\r\n                        <p class=\"small-sub\">Une pr\u00e9sence num\u00e9rique<\/p>\r\n                        \r\n                                                <p>La communication digitale est aujourd'hui incontournable. Elle se d\u00e9finit \u00e0 travers les actions mener sur le web, les r\u00e9seaux sociaux et les mobiles.<br \/>\nUn site internet ? Une carte de voeux num\u00e9rique ? Une banni\u00e8re web ?... Pour communiquer, toujours plus loin et aupr\u00e8s de plus de monde, sur votre entit\u00e9 et de vos actions.<\/p>\n                        <div class=\"spacing40 clearfix\"><\/div>\r\n                        <\/div><\/div><\/div><\/div><div id=\"pg-300-3\"  class=\"panel-grid panel-has-style\" ><div class=\"dark-bg content siteorigin-panels-stretch panel-row-style panel-row-style-for-300-3\" data-stretch-type=\"full\" ><div id=\"pgc-300-3-0\"  class=\"panel-grid-cell\" ><div id=\"panel-300-3-0-0\" class=\"so-panel widget widget_rdn_blockquote_element rdn_blockquote_element panel-first-child panel-last-child\" data-index=\"7\" >\t\t\t\t\t\t<div class=\"clearfix \">\r\n                            <blockquote>La cr\u00e9ativit\u00e9   c\u2019est inventer, exp\u00e9rimenter, grandir, prendre des risques, briser les r\u00e8gles,  faire des erreurs et s\u2019amuser.<\/blockquote>\r\n                            \r\n                                                        <div class=\"bl-text\">\r\n                            <p>MARY LOU COOK<\/p>\n                            <\/div>\r\n                                                        \r\n                                                    <\/div>\r\n                        \r\n                       \r\n<\/div><\/div><div id=\"pgc-300-3-1\"  class=\"panel-grid-cell\" ><div id=\"panel-300-3-1-0\" class=\"so-panel widget widget_title_block rdn_title_block_box panel-first-child panel-last-child\" data-index=\"8\" >\r\n\r\n                    \t<div class=\"bordering \t\t\t\t\t\tanimated\" data-animated=\"fadeInUp\">\r\n                            <h2 class=\"content-title\">NOON GRAPHIC DESIGN<\/h2>\r\n                            <p class=\"sub-title\">Pour \u00eatre vu, lu, compris...<\/p>\r\n                        <\/div><!--\/.bordering-->\r\n   \r\n<\/div><\/div><\/div><\/div><\/div>","protected":false},"excerpt":{"rendered":"<p>communication cr\u00e9ation graphique avec intuition et expertise by Noon Graphic Design Nos cr\u00e9ations s\u2019inscrivent dans la modernit\u00e9 et sont fond\u00e9es sur l\u2019\u00e9coute et l\u2019observation, la r\u00e9flexion et la pertinence. Cette volont\u00e9 cr\u00e9ative de sens nous permet de concevoir pour chacun de nos clients, pour vous demain, pour chacun de vos projets, une image en accord avec l\u2019essence m\u00eame de votre &hellip;<\/p>\n","protected":false},"author":1,"featured_media":0,"parent":0,"menu_order":0,"comment_status":"closed","ping_status":"closed","template":"page-builder.php","meta":{"footnotes":""},"class_list":["post-300","page","type-page","status-publish","hentry"],"_links":{"self":[{"href":"https:\/\/noongraphicdesign.com\/index.php\/wp-json\/wp\/v2\/pages\/300","targetHints":{"allow":["GET"]}}],"collection":[{"href":"https:\/\/noongraphicdesign.com\/index.php\/wp-json\/wp\/v2\/pages"}],"about":[{"href":"https:\/\/noongraphicdesign.com\/index.php\/wp-json\/wp\/v2\/types\/page"}],"author":[{"embeddable":true,"href":"https:\/\/noongraphicdesign.com\/index.php\/wp-json\/wp\/v2\/users\/1"}],"replies":[{"embeddable":true,"href":"https:\/\/noongraphicdesign.com\/index.php\/wp-json\/wp\/v2\/comments?post=300"}],"version-history":[{"count":142,"href":"https:\/\/noongraphicdesign.com\/index.php\/wp-json\/wp\/v2\/pages\/300\/revisions"}],"predecessor-version":[{"id":1485,"href":"https:\/\/noongraphicdesign.com\/index.php\/wp-json\/wp\/v2\/pages\/300\/revisions\/1485"}],"wp:attachment":[{"href":"https:\/\/noongraphicdesign.com\/index.php\/wp-json\/wp\/v2\/media?parent=300"}],"curies":[{"name":"wp","href":"https:\/\/api.w.org\/{rel}","templated":true}]}}