{"id":262,"date":"2017-09-23T07:24:26","date_gmt":"2017-09-23T07:24:26","guid":{"rendered":"http:\/\/theme.ridianur.com\/andior\/?page_id=262"},"modified":"2018-07-09T15:22:15","modified_gmt":"2018-07-09T13:22:15","slug":"a-propos","status":"publish","type":"page","link":"https:\/\/noongraphicdesign.com\/index.php\/a-propos\/","title":{"rendered":"A propos"},"content":{"rendered":"<div id=\"pl-262\"  class=\"panel-layout\" ><div id=\"pg-262-0\"  class=\"panel-grid panel-has-style\" ><div class=\"siteorigin-panels-stretch panel-row-style panel-row-style-for-262-0\" data-stretch-type=\"full-stretched\" ><div id=\"pgc-262-0-0\"  class=\"panel-grid-cell\" ><div id=\"panel-262-0-0-0\" class=\"so-panel widget widget_rdn_hero_title_section rdn_hero_title_section panel-first-child panel-last-child\" data-index=\"0\" >\t\t\t\t\r\n            <!--HERO  START-->\r\n            <div class=\"type-slider-box clearfix dark-bg \">\r\n                <div class=\"slider-img-bg img-bg clearfix\" data-background=\"http:\/\/noongraphicdesign.com\/wp-content\/uploads\/2018\/04\/1200-NoonGraphicDesign-CreationGraphique2.jpg\">\r\n                    <div class=\"hero-box container\">\t\r\n                        <div class=\"small-caption-box\">\r\n                            <p class=\"smal-caption-sub\">La petite histoire de<\/p>\r\n                            \r\n                            <h3 class=\"hero-box-title animated\" data-animated=\"fadeInUp\">\r\n                                NOON GRAPHIC DESIGN \r\n                                <i class=\"fa fa-envelope-open-o\"><\/i>\r\n                            <\/h3>\r\n                            \r\n                                                        <div class=\"spacing20 clearboth\"><\/div>\r\n                            <p>\r\n                                                                                            <\/p>\r\n                        <\/div><!--\/.small-caption-box-->\r\n                    <\/div><!--\/.hero-box-->\r\n                <\/div>\r\n                  \r\n                 <div class=\"slider-mask\"><\/div>\r\n                             <\/div><!--\/.type-slider-box-->\r\n\t\t\t<!--HERO  END-->\t\r\n            \t\t\r\n       \r\n            \r\n            <\/div><\/div><\/div><\/div><div id=\"pg-262-1\"  class=\"panel-grid panel-no-style\" ><div id=\"pgc-262-1-0\"  class=\"panel-grid-cell\" ><div id=\"panel-262-1-0-0\" class=\"so-panel widget widget_rdn_blockquote_element rdn_blockquote_element panel-first-child\" data-index=\"1\" >\t\t\t\t\t\t<div class=\"clearfix \">\r\n                            <blockquote>Cr\u00e9\u00e9e par Anouch BOYADJIAN, directrice artistique,  Noon Graphic Design a acquis son expertise  en intervenant aupr\u00e8s de TPE\/PME, associations sportives et culturelles, institutions publiques et priv\u00e9es.<\/blockquote>\r\n                            \r\n                                                        \r\n                                                    <\/div>\r\n                        \r\n                       \r\n<\/div><div id=\"panel-262-1-0-1\" class=\"so-panel widget widget_rdn_about_us rdn_about_us_section panel-last-child\" data-index=\"2\" >\r\n\t\t<!--ABOUT START-->\r\n        <div class=\"content clearfix\">\r\n        \t<div class=\"container\">\r\n            \t<div class=\"row\">\r\n                \t<div class=\"col-md-4 \">\r\n                    \t<div class=\"bordering animated\" data-animated=\"fadeInUp\">\r\n                            <h2 class=\"content-title\">Une petite bo\u00eete<\/h2>\r\n                            <p class=\"sub-title\">\u00e0 taille humaine...<\/p>\r\n                        <\/div><!--\/.bordering-->\r\n                    <\/div><!--\/.col-md-4-->\r\n                    \r\n                    <div class=\"col-md-8\">\r\n                        <div class=\"row\">\r\n                        \t                            <div class=\"col-md-6\">\r\n                                <h3 class=\"small-title\">La motivation <i class=\"fa fa-heart\"><\/i><\/h3>\r\n                                <p class=\"small-sub\">Avec plaisir avant tout<\/p>\r\n                                <p><strong>Passionn\u00e9s de design, de typographie, de formes et de couleurs&#8230;<\/strong><\/p>\n<p>Chaque nouveau projet fait appel \u00e0 notre sensibilit\u00e9 et notre imagination, nos univers culturels et nos passions, et nous les abordons toujours avec beaucoup d&rsquo;engouement.<\/p>\n                                <div class=\"spacing40 clearfix\"><\/div>\r\n                            <\/div><!--\/.col-md-6-->\r\n                                                        <div class=\"col-md-6\">\r\n                                <h3 class=\"small-title\">La volont\u00e9 <i class=\"fa fa-envira\"><\/i><\/h3>\r\n                                <p class=\"small-sub\">Avec implication et s\u00e9rieux<\/p>\r\n                                <p><strong>Des cr\u00e9ations modernes, fond\u00e9es sur l&rsquo;\u00e9coute <\/br>et l&rsquo;observation, la r\u00e9flexion et la pertinence <\/strong><\/p>\n<p>Cette volont\u00e9 cr\u00e9ative de sens nous permet de concevoir pour chacun de nos clients, pour vous d\u00e8s demain, une communication qui vous ressemble, qui vous est propre.<\/p>\n                                <div class=\"spacing40 clearfix\"><\/div>\r\n                            <\/div><!--\/.col-md-6-->\r\n                                                        <div class=\"col-md-6\">\r\n                                <h3 class=\"small-title\">La comp\u00e9tence <i class=\"fa fa-thumbs-up\"><\/i><\/h3>\r\n                                <p class=\"small-sub\">Cr\u00e9ativit\u00e9, analyse, technicit\u00e9<\/p>\r\n                                <p><strong>Avec l&rsquo;exp\u00e9rience et les connaissances<\/strong><\/p>\n<p>Forts de pr\u00e8s de 20 ans\u00a0\u00a0dans la communication, nous mettons \u00e0 votre service notre cr\u00e9ativit\u00e9 et notre capacit\u00e9 d\u2019analyse, notre technicit\u00e9 et notre comp\u00e9titivit\u00e9.<\/p>\n                                <div class=\"spacing40 clearfix\"><\/div>\r\n                            <\/div><!--\/.col-md-6-->\r\n                                                        <div class=\"col-md-6\">\r\n                                <h3 class=\"small-title\">La collaboration <i class=\"fa fa-weixin\"><\/i><\/h3>\r\n                                <p class=\"small-sub\">Un v\u00e9ritable partenariat<\/p>\r\n                                <p><strong>Disponibilit\u00e9, r\u00e9activit\u00e9, flexibilit\u00e9<\/strong><\/p>\n<p>Noon Graphic Design s&rsquo;adresse \u00e0 tous ceux qui ne veulent acc\u00e9der aux services de grandes agences mais qui pour autant ont des attentes, des exigences qui n\u00e9cessitent professionnalisme, confiance et proximit\u00e9.<\/p>\n                                <div class=\"spacing40 clearfix\"><\/div>\r\n                            <\/div><!--\/.col-md-6-->\r\n                                                        \r\n                        <\/div><!--\/.row-->\r\n                    <\/div><!--\/.col-md-8-->\r\n                    \r\n                <\/div><!--\/row-->\r\n            <\/div><!--\/.container-->\r\n        <\/div><!--about-->\r\n      \t<!--ABOUT END-->\r\n<\/div><\/div><\/div><div id=\"pg-262-2\"  class=\"panel-grid panel-has-style\" ><div class=\"dark-bg content siteorigin-panels-stretch panel-row-style panel-row-style-for-262-2\" data-stretch-type=\"full\" ><div id=\"pgc-262-2-0\"  class=\"panel-grid-cell\" ><div id=\"panel-262-2-0-0\" class=\"so-panel widget widget_rdn_blockquote_element rdn_blockquote_element panel-first-child panel-last-child\" data-index=\"3\" >\t\t\t\t\t\t<div class=\"clearfix \">\r\n                            <blockquote>Le design contribue  \u00e0 am\u00e9liorer le dialogue  entre les hommes  et leurs objets.<\/blockquote>\r\n                            \r\n                                                        <div class=\"bl-text\">\r\n                            <p>Roger Tallon<\/p>\n                            <\/div>\r\n                                                        \r\n                                                    <\/div>\r\n                        \r\n                       \r\n<\/div><\/div><\/div><\/div><\/div>","protected":false},"excerpt":{"rendered":"","protected":false},"author":1,"featured_media":0,"parent":0,"menu_order":0,"comment_status":"closed","ping_status":"closed","template":"page-builder.php","meta":{"footnotes":""},"class_list":["post-262","page","type-page","status-publish","hentry"],"_links":{"self":[{"href":"https:\/\/noongraphicdesign.com\/index.php\/wp-json\/wp\/v2\/pages\/262","targetHints":{"allow":["GET"]}}],"collection":[{"href":"https:\/\/noongraphicdesign.com\/index.php\/wp-json\/wp\/v2\/pages"}],"about":[{"href":"https:\/\/noongraphicdesign.com\/index.php\/wp-json\/wp\/v2\/types\/page"}],"author":[{"embeddable":true,"href":"https:\/\/noongraphicdesign.com\/index.php\/wp-json\/wp\/v2\/users\/1"}],"replies":[{"embeddable":true,"href":"https:\/\/noongraphicdesign.com\/index.php\/wp-json\/wp\/v2\/comments?post=262"}],"version-history":[{"count":52,"href":"https:\/\/noongraphicdesign.com\/index.php\/wp-json\/wp\/v2\/pages\/262\/revisions"}],"predecessor-version":[{"id":1441,"href":"https:\/\/noongraphicdesign.com\/index.php\/wp-json\/wp\/v2\/pages\/262\/revisions\/1441"}],"wp:attachment":[{"href":"https:\/\/noongraphicdesign.com\/index.php\/wp-json\/wp\/v2\/media?parent=262"}],"curies":[{"name":"wp","href":"https:\/\/api.w.org\/{rel}","templated":true}]}}